{"id":23963,"date":"2014-04-15T15:04:33","date_gmt":"2014-04-15T20:04:33","guid":{"rendered":"https:\/\/www.rsilaboratories.org\/home-2\/"},"modified":"2026-01-22T13:51:17","modified_gmt":"2026-01-22T19:51:17","slug":"inicio","status":"publish","type":"page","link":"https:\/\/www.rsilaboratories.org\/es\/","title":{"rendered":"Inicio"},"content":{"rendered":"<p><img loading=\"lazy\" decoding=\"async\" class=\"alignright wp-image-172 size-large\" src=\"https:\/\/www.rsilaboratories.org\/wp-content\/uploads\/2014\/05\/iStock_000004613035_Small-e1400276247221-750x339.jpg\" alt=\"\" width=\"545\" height=\"246\" srcset=\"https:\/\/www.rsilaboratories.org\/wp-content\/uploads\/2014\/05\/iStock_000004613035_Small-e1400276247221-750x339.jpg 750w, https:\/\/www.rsilaboratories.org\/wp-content\/uploads\/2014\/05\/iStock_000004613035_Small-e1400276247221-300x135.jpg 300w, https:\/\/www.rsilaboratories.org\/wp-content\/uploads\/2014\/05\/iStock_000004613035_Small-e1400276247221-220x99.jpg 220w, https:\/\/www.rsilaboratories.org\/wp-content\/uploads\/2014\/05\/iStock_000004613035_Small-e1400276247221-187x84.jpg 187w, https:\/\/www.rsilaboratories.org\/wp-content\/uploads\/2014\/05\/iStock_000004613035_Small-e1400276247221-453x204.jpg 453w, https:\/\/www.rsilaboratories.org\/wp-content\/uploads\/2014\/05\/iStock_000004613035_Small-e1400276247221.jpg 849w\" sizes=\"auto, (max-width: 545px) 100vw, 545px\" \/><\/p>\n<p>RSI LABORATORIES es un laboratorio de toxicolog\u00eda forense acreditado por el Colegio de Pat\u00f3logos Americanos (C.A.P.).<\/p>\n<p>RSI proporciona pruebas de abuso de drogas y programas de recolecci\u00f3n de orina para programas correccionales, proveedores de tratamiento, empleadores, agencias de servicios sociales, entidades gubernamentales y muchos otros tipos de organizaciones a nivel nacional. RSI ha estado brindando servicio de calidad y precios competitivos desde 1990.<\/p>\n<p>RSI ofrece soluciones personalizadas de pruebas de drogas adaptadas para satisfacer las necesidades individuales de nuestros clientes. Nuestro men\u00fa integral de opciones de pruebas de abuso de sustancias basadas en laboratorio y r\u00e1pidas est\u00e1 dise\u00f1ado para satisfacer las necesidades de pr\u00e1cticamente cualquier programa.<\/p>\n<p>Las opciones integrales y rentables de RSI incluyen pruebas de drogas en orina, pruebas de drogas para empleados, programas de recolecci\u00f3n de c\u00f3digo de color, informes de resultados las 24 horas, resultados en l\u00ednea y por correo electr\u00f3nico, testimonio judicial y pruebas confirmatorias.<\/p>\n<h2><\/h2>\n","protected":false},"excerpt":{"rendered":"<p>RSI LABORATORIES es un laboratorio de toxicolog\u00eda forense acreditado por el Colegio de Pat\u00f3logos Americanos (C.A.P.). RSI proporciona pruebas de abuso de drogas y programas de recolecci\u00f3n de orina para programas correccionales, proveedores de tratamiento, empleadores, agencias de servicios sociales, entidades gubernamentales y muchos otros tipos de organizaciones a nivel nacional. RSI ha estado brindando [&hellip;]<\/p>\n","protected":false},"author":0,"featured_media":0,"parent":0,"menu_order":0,"comment_status":"closed","ping_status":"closed","template":"page-full.php","meta":{"_monsterinsights_skip_tracking":false,"_monsterinsights_sitenote_active":false,"_monsterinsights_sitenote_note":"","_monsterinsights_sitenote_category":0,"footnotes":""},"class_list":["post-23963","page","type-page","status-publish","hentry"],"_links":{"self":[{"href":"https:\/\/www.rsilaboratories.org\/es\/wp-json\/wp\/v2\/pages\/23963","targetHints":{"allow":["GET"]}}],"collection":[{"href":"https:\/\/www.rsilaboratories.org\/es\/wp-json\/wp\/v2\/pages"}],"about":[{"href":"https:\/\/www.rsilaboratories.org\/es\/wp-json\/wp\/v2\/types\/page"}],"replies":[{"embeddable":true,"href":"https:\/\/www.rsilaboratories.org\/es\/wp-json\/wp\/v2\/comments?post=23963"}],"version-history":[{"count":0,"href":"https:\/\/www.rsilaboratories.org\/es\/wp-json\/wp\/v2\/pages\/23963\/revisions"}],"wp:attachment":[{"href":"https:\/\/www.rsilaboratories.org\/es\/wp-json\/wp\/v2\/media?parent=23963"}],"curies":[{"name":"wp","href":"https:\/\/api.w.org\/{rel}","templated":true}]}}