{"id":23960,"date":"2014-04-15T15:05:26","date_gmt":"2014-04-15T20:05:26","guid":{"rendered":"https:\/\/www.rsilaboratories.org\/about-2\/"},"modified":"2026-01-22T14:05:17","modified_gmt":"2026-01-22T20:05:17","slug":"acerca-de","status":"publish","type":"page","link":"https:\/\/www.rsilaboratories.org\/es\/acerca-de\/","title":{"rendered":"Acerca de"},"content":{"rendered":"<p><img loading=\"lazy\" decoding=\"async\" class=\"alignright wp-image-174 size-medium\" src=\"https:\/\/www.rsilaboratories.org\/wp-content\/uploads\/2014\/05\/iStock_000008753804_Small-e1400276892304-270x300.jpg\" alt=\"\" width=\"270\" height=\"300\" srcset=\"https:\/\/www.rsilaboratories.org\/wp-content\/uploads\/2014\/05\/iStock_000008753804_Small-e1400276892304-270x300.jpg 270w, https:\/\/www.rsilaboratories.org\/wp-content\/uploads\/2014\/05\/iStock_000008753804_Small-e1400276892304-220x244.jpg 220w, https:\/\/www.rsilaboratories.org\/wp-content\/uploads\/2014\/05\/iStock_000008753804_Small-e1400276892304-187x207.jpg 187w, https:\/\/www.rsilaboratories.org\/wp-content\/uploads\/2014\/05\/iStock_000008753804_Small-e1400276892304-453x503.jpg 453w, https:\/\/www.rsilaboratories.org\/wp-content\/uploads\/2014\/05\/iStock_000008753804_Small-e1400276892304.jpg 558w\" sizes=\"auto, (max-width: 270px) 100vw, 270px\" \/><\/p>\n<p>RSI LABORATORIES es una divisi\u00f3n de <a href=\"http:\/\/www.rseden.org\">RS EDEN<\/a>. Con sede en Minneapolis, MN, RS EDEN es una <strong>organizaci\u00f3n sin fines de lucro<\/strong> que proporciona servicios de recuperaci\u00f3n, responsabilidad y apoyo para facilitar el movimiento individual, familiar y comunitario desde comportamientos no productivos hacia estilos de vida responsables y autosuficientes.<\/p>\n<p><img loading=\"lazy\" decoding=\"async\" class=\"alignright size-medium wp-image-54\" style=\"clear: both;margin-top: 20px\" src=\"https:\/\/www.rsilaboratories.org\/wp-content\/uploads\/2014\/04\/rsedenmap-300x259.png\" alt=\"rsedenmap\" width=\"300\" height=\"259\" srcset=\"https:\/\/www.rsilaboratories.org\/wp-content\/uploads\/2014\/04\/rsedenmap-300x259.png 300w, https:\/\/www.rsilaboratories.org\/wp-content\/uploads\/2014\/04\/rsedenmap-220x190.png 220w, https:\/\/www.rsilaboratories.org\/wp-content\/uploads\/2014\/04\/rsedenmap-187x161.png 187w, https:\/\/www.rsilaboratories.org\/wp-content\/uploads\/2014\/04\/rsedenmap-453x391.png 453w, https:\/\/www.rsilaboratories.org\/wp-content\/uploads\/2014\/04\/rsedenmap.png 502w\" sizes=\"auto, (max-width: 300px) 100vw, 300px\" \/>RSI LABORATORIES est\u00e1 ubicado dentro del edificio de administraci\u00f3n de RS EDEN localizado en <a href=\"https:\/\/www.google.com\/maps\/place\/1931+W+Broadway+Ave\/@45.000752,-93.305706,17z\/data=!3m1!4b1!4m2!3m1!1s0x52b333b2e613c5d3:0x7a68f192d0bb105\">1931 West Broadway, Minneapolis, MN<\/a>. Hemos estado proporcionando pruebas de abuso de drogas durante m\u00e1s de 25 a\u00f1os y nos enorgullecemos de ofrecer un servicio al cliente personalizado, precios competitivos, informes de resultados las 24 horas, y tenemos un amplio conocimiento y comprensi\u00f3n de las necesidades espec\u00edficas de pruebas de drogas de los programas correccionales y de tratamiento.<\/p>\n<p>Para obtener m\u00e1s informaci\u00f3n sobre RS EDEN y nuestros otros programas, <a href=\"http:\/\/www.rseden.org\">visite nuestro sitio web en www.rseden.org<\/a>.<\/p>\n<h2>Acreditado por CAP<\/h2>\n<p><img loading=\"lazy\" decoding=\"async\" class=\"alignleft size-full wp-image-303\" src=\"https:\/\/www.rsilaboratories.org\/wp-content\/uploads\/2014\/04\/CAP_certification.gif\" alt=\"CAP_certification\" width=\"134\" height=\"75\" \/>El objetivo del Programa de Acreditaci\u00f3n de Laboratorios CAP es mejorar la seguridad del paciente mediante el avance de la calidad de los servicios de patolog\u00eda y laboratorio a trav\u00e9s de la educaci\u00f3n, el establecimiento de est\u00e1ndares y garantizando que los laboratorios cumplan o superen los requisitos reglamentarios. Al completar con \u00e9xito el proceso de inspecci\u00f3n, el laboratorio recibe la acreditaci\u00f3n CAP y se convierte en parte de un grupo exclusivo de m\u00e1s de 7,000 laboratorios en todo el mundo que han cumplido con los m\u00e1s altos est\u00e1ndares de excelencia.<\/p>\n<p>El Programa de Acreditaci\u00f3n de Laboratorios CAP es un programa reconocido internacionalmente y el \u00fanico de su tipo que utiliza equipos de profesionales de laboratorio en ejercicio como inspectores. El programa se basa en rigurosos est\u00e1ndares de acreditaci\u00f3n que se traducen en requisitos detallados y enfocados. Debido a su naturaleza integral, la acreditaci\u00f3n CAP puede ayudar a lograr un nivel consistentemente alto de servicio en toda una instituci\u00f3n o sistema de atenci\u00f3n m\u00e9dica.<\/p>\n","protected":false},"excerpt":{"rendered":"<p>RSI LABORATORIES es una divisi\u00f3n de RS EDEN. Con sede en Minneapolis, MN, RS EDEN es una organizaci\u00f3n sin fines de lucro que proporciona servicios de recuperaci\u00f3n, responsabilidad y apoyo para facilitar el movimiento individual, familiar y comunitario desde comportamientos no productivos hacia estilos de vida responsables y autosuficientes. RSI LABORATORIES est\u00e1 ubicado dentro del [&hellip;]<\/p>\n","protected":false},"author":0,"featured_media":0,"parent":0,"menu_order":0,"comment_status":"closed","ping_status":"closed","template":"","meta":{"_monsterinsights_skip_tracking":false,"_monsterinsights_sitenote_active":false,"_monsterinsights_sitenote_note":"","_monsterinsights_sitenote_category":0,"footnotes":""},"class_list":["post-23960","page","type-page","status-publish","hentry"],"_links":{"self":[{"href":"https:\/\/www.rsilaboratories.org\/es\/wp-json\/wp\/v2\/pages\/23960","targetHints":{"allow":["GET"]}}],"collection":[{"href":"https:\/\/www.rsilaboratories.org\/es\/wp-json\/wp\/v2\/pages"}],"about":[{"href":"https:\/\/www.rsilaboratories.org\/es\/wp-json\/wp\/v2\/types\/page"}],"replies":[{"embeddable":true,"href":"https:\/\/www.rsilaboratories.org\/es\/wp-json\/wp\/v2\/comments?post=23960"}],"version-history":[{"count":0,"href":"https:\/\/www.rsilaboratories.org\/es\/wp-json\/wp\/v2\/pages\/23960\/revisions"}],"wp:attachment":[{"href":"https:\/\/www.rsilaboratories.org\/es\/wp-json\/wp\/v2\/media?parent=23960"}],"curies":[{"name":"wp","href":"https:\/\/api.w.org\/{rel}","templated":true}]}}