{"id":23957,"date":"2014-04-15T15:06:06","date_gmt":"2014-04-15T20:06:06","guid":{"rendered":"https:\/\/www.rsilaboratories.org\/lab-services-2\/"},"modified":"2026-01-22T14:52:07","modified_gmt":"2026-01-22T20:52:07","slug":"servicios-de-laboratorio-es","status":"publish","type":"page","link":"https:\/\/www.rsilaboratories.org\/es\/servicios-de-laboratorio-es\/","title":{"rendered":"Servicios de Laboratorio"},"content":{"rendered":"<h2><img loading=\"lazy\" decoding=\"async\" class=\"alignright wp-image-171 size-medium\" src=\"https:\/\/www.rsilaboratories.org\/wp-content\/uploads\/2014\/05\/Photo-6-198x300.jpg\" alt=\"\" width=\"198\" height=\"300\" srcset=\"https:\/\/www.rsilaboratories.org\/wp-content\/uploads\/2014\/05\/Photo-6-198x300.jpg 198w, https:\/\/www.rsilaboratories.org\/wp-content\/uploads\/2014\/05\/Photo-6-497x750.jpg 497w, https:\/\/www.rsilaboratories.org\/wp-content\/uploads\/2014\/05\/Photo-6-187x282.jpg 187w, https:\/\/www.rsilaboratories.org\/wp-content\/uploads\/2014\/05\/Photo-6-453x683.jpg 453w, https:\/\/www.rsilaboratories.org\/wp-content\/uploads\/2014\/05\/Photo-6.jpg 1128w\" sizes=\"auto, (max-width: 198px) 100vw, 198px\" \/><\/h2>\n<h2>Descripci\u00f3n General<\/h2>\n<p>RSI LABORATORIES es un laboratorio de toxicolog\u00eda forense que ofrece pruebas de drogas en orina para correccionales, dependencia qu\u00edmica, servicios humanos, entidades gubernamentales y empleadores. El laboratorio procesa miles de muestras cada mes. Los resultados se entregan a la agencia de referencia dentro de las 24 horas de su recepci\u00f3n, lo que convierte a RSI LABORATORIES en uno de los centros de pruebas m\u00e1s r\u00e1pidos de la regi\u00f3n. Nos enorgullecemos de ofrecer servicios integrales de pruebas de drogas y atenci\u00f3n personalizada al cliente a precios competitivos.<\/p>\n<h2><a title=\"Drugs of Abuse Testing\" href=\"https:\/\/www.rsilaboratories.org\/drugs-abuse-testing\/\">Pruebas de Drogas de Abuso<\/a><\/h2>\n<p>RSI LABORATORIES ofrece pruebas de drogas en orina para Anfetaminas, Barbit\u00faricos, Sales de Ba\u00f1o, Benzodiazepinas, Buprenorfina, Cannabinoides, Coca\u00edna, DXM, EtG, Alcohol Et\u00edlico, Gabapentina, Hero\u00edna, Kratom, K2\/Spice, MDMA (\u00c9xtasis), Metadona, Opi\u00e1ceos, Oxicodona, Fenciclidina, Tramadol, Fentanilo e Hidrocodona.<\/p>\n<a href='https:\/\/www.rsilaboratories.org\/drugs-abuse-testing\/' class='small-button smallblue'>M\u00e1s Informaci\u00f3n<\/a>\n<h2><a title=\"EtG Alcohol Testing\" href=\"https:\/\/www.rsilaboratories.org\/etg-alcohol-testing\/\">Pruebas de Alcohol EtG<\/a><\/h2>\n<p>RSI LABORATORIES ofrece pruebas de EtG para alcohol. Las pruebas de EtG pueden ser detectables tan pronto como 2 horas despu\u00e9s del consumo y hasta 80 horas despu\u00e9s del consumo.<\/p>\n<a href='https:\/\/www.rsilaboratories.org\/etg-alcohol-testing\/' class='small-button smallblue'>M\u00e1s Informaci\u00f3n<\/a>\n<h2><a title=\"Color Code Program\" href=\"https:\/\/www.rsilaboratories.org\/color-code-program\/\">Programa de C\u00f3digo de Color<\/a><\/h2>\n<p>El Programa de An\u00e1lisis de Orina con C\u00f3digo de Color Aleatorio es un medio de entrega de pruebas de drogas aleatorias a un gran volumen de clientes.<\/p>\n<a href='https:\/\/www.rsilaboratories.org\/color-code-program\/' class='small-button smallblue'>M\u00e1s Informaci\u00f3n<\/a>\n<h2><a title=\"Confirmation Testing\" href=\"https:\/\/www.rsilaboratories.org\/confirmation-testing\/\">Pruebas Confirmatorias<\/a><\/h2>\n<p>Las pruebas confirmatorias (GC\/MS o LC\/MS) son aceptadas como el &#8220;est\u00e1ndar de oro&#8221; para la identificaci\u00f3n de analitos de drogas.<\/p>\n<a href='https:\/\/www.rsilaboratories.org\/confirmation-testing\/' class='small-button smallblue'>M\u00e1s Informaci\u00f3n<\/a>\n<h2><a title=\"Chain of Custody\" href=\"https:\/\/www.rsilaboratories.org\/chain-custody\/\">Cadena de Custodia<\/a><\/h2>\n<p>RSI LABORATORIES le proporciona todos los suministros est\u00e1ndar necesarios para administrar y enviar una muestra al laboratorio.<\/p>\n<a href='https:\/\/www.rsilaboratories.org\/chain-custody\/' class='small-button smallblue'>M\u00e1s Informaci\u00f3n<\/a>\n<h2><a title=\"Court Testimony\" href=\"https:\/\/www.rsilaboratories.org\/court-testimony\/\">Testimonio Judicial<\/a><\/h2>\n<p>RSI LABORATORIES proporciona testimonio judicial profesional con cualquier muestra de laboratorio confirmada.<\/p>\n<a href='https:\/\/www.rsilaboratories.org\/court-testimony\/' class='small-button smallblue'>M\u00e1s Informaci\u00f3n<\/a>\n<h2><a title=\"Training\" href=\"https:\/\/www.rsilaboratories.org\/training\/\">Capacitaci\u00f3n<\/a><\/h2>\n<p>RSI LABORATORIES ofrece capacitaci\u00f3n en pruebas de drogas y apoyo continuo en el servicio.<\/p>\n<a href='https:\/\/www.rsilaboratories.org\/training\/' class='small-button smallblue'>M\u00e1s Informaci\u00f3n<\/a>\n","protected":false},"excerpt":{"rendered":"<p>Descripci\u00f3n General RSI LABORATORIES es un laboratorio de toxicolog\u00eda forense que ofrece pruebas de drogas en orina para correccionales, dependencia qu\u00edmica, servicios humanos, entidades gubernamentales y empleadores. El laboratorio procesa miles de muestras cada mes. Los resultados se entregan a la agencia de referencia dentro de las 24 horas de su recepci\u00f3n, lo que convierte [&hellip;]<\/p>\n","protected":false},"author":0,"featured_media":0,"parent":0,"menu_order":0,"comment_status":"closed","ping_status":"closed","template":"","meta":{"_monsterinsights_skip_tracking":false,"_monsterinsights_sitenote_active":false,"_monsterinsights_sitenote_note":"","_monsterinsights_sitenote_category":0,"footnotes":""},"class_list":["post-23957","page","type-page","status-publish","hentry"],"_links":{"self":[{"href":"https:\/\/www.rsilaboratories.org\/es\/wp-json\/wp\/v2\/pages\/23957","targetHints":{"allow":["GET"]}}],"collection":[{"href":"https:\/\/www.rsilaboratories.org\/es\/wp-json\/wp\/v2\/pages"}],"about":[{"href":"https:\/\/www.rsilaboratories.org\/es\/wp-json\/wp\/v2\/types\/page"}],"replies":[{"embeddable":true,"href":"https:\/\/www.rsilaboratories.org\/es\/wp-json\/wp\/v2\/comments?post=23957"}],"version-history":[{"count":0,"href":"https:\/\/www.rsilaboratories.org\/es\/wp-json\/wp\/v2\/pages\/23957\/revisions"}],"wp:attachment":[{"href":"https:\/\/www.rsilaboratories.org\/es\/wp-json\/wp\/v2\/media?parent=23957"}],"curies":[{"name":"wp","href":"https:\/\/api.w.org\/{rel}","templated":true}]}}