{"id":23954,"date":"2014-04-15T15:06:52","date_gmt":"2014-04-15T20:06:52","guid":{"rendered":"https:\/\/www.rsilaboratories.org\/collection-services-2\/"},"modified":"2026-01-22T14:52:07","modified_gmt":"2026-01-22T20:52:07","slug":"servicios-de-recoleccion-es","status":"publish","type":"page","link":"https:\/\/www.rsilaboratories.org\/es\/servicios-de-recoleccion-es\/","title":{"rendered":"Servicios de Recolecci\u00f3n"},"content":{"rendered":"<p><img loading=\"lazy\" decoding=\"async\" class=\"alignright wp-image-168 size-medium\" src=\"https:\/\/www.rsilaboratories.org\/wp-content\/uploads\/2014\/05\/Photo-3-200x300.jpg\" alt=\"\" width=\"200\" height=\"300\" srcset=\"https:\/\/www.rsilaboratories.org\/wp-content\/uploads\/2014\/05\/Photo-3-200x300.jpg 200w, https:\/\/www.rsilaboratories.org\/wp-content\/uploads\/2014\/05\/Photo-3-500x750.jpg 500w, https:\/\/www.rsilaboratories.org\/wp-content\/uploads\/2014\/05\/Photo-3-220x329.jpg 220w, https:\/\/www.rsilaboratories.org\/wp-content\/uploads\/2014\/05\/Photo-3-187x280.jpg 187w, https:\/\/www.rsilaboratories.org\/wp-content\/uploads\/2014\/05\/Photo-3-453x678.jpg 453w, https:\/\/www.rsilaboratories.org\/wp-content\/uploads\/2014\/05\/Photo-3.jpg 1132w\" sizes=\"auto, (max-width: 200px) 100vw, 200px\" \/>RSI comprende la necesidad de servicios integrales de recolecci\u00f3n de orina que satisfagan las necesidades espec\u00edficas de pruebas de drogas de los correccionales. Los programas de recolecci\u00f3n de RSI pueden administrar todo el proceso por usted, incluidas las pruebas, las pruebas aleatorias y la recolecci\u00f3n de tarifas de los clientes.<\/p>\n<p>Para obtener m\u00e1s informaci\u00f3n, comun\u00edquese con Nichole O&#8217;Connell en <a href=\"mailto:noconnell@rseden.org\">noconnell@rseden.org<\/a><\/p>\n","protected":false},"excerpt":{"rendered":"<p>RSI comprende la necesidad de servicios integrales de recolecci\u00f3n de orina que satisfagan las necesidades espec\u00edficas de pruebas de drogas de los correccionales. Los programas de recolecci\u00f3n de RSI pueden administrar todo el proceso por usted, incluidas las pruebas, las pruebas aleatorias y la recolecci\u00f3n de tarifas de los clientes. Para obtener m\u00e1s informaci\u00f3n, comun\u00edquese [&hellip;]<\/p>\n","protected":false},"author":0,"featured_media":0,"parent":0,"menu_order":0,"comment_status":"closed","ping_status":"closed","template":"","meta":{"_monsterinsights_skip_tracking":false,"_monsterinsights_sitenote_active":false,"_monsterinsights_sitenote_note":"","_monsterinsights_sitenote_category":0,"footnotes":""},"class_list":["post-23954","page","type-page","status-publish","hentry"],"_links":{"self":[{"href":"https:\/\/www.rsilaboratories.org\/es\/wp-json\/wp\/v2\/pages\/23954","targetHints":{"allow":["GET"]}}],"collection":[{"href":"https:\/\/www.rsilaboratories.org\/es\/wp-json\/wp\/v2\/pages"}],"about":[{"href":"https:\/\/www.rsilaboratories.org\/es\/wp-json\/wp\/v2\/types\/page"}],"replies":[{"embeddable":true,"href":"https:\/\/www.rsilaboratories.org\/es\/wp-json\/wp\/v2\/comments?post=23954"}],"version-history":[{"count":0,"href":"https:\/\/www.rsilaboratories.org\/es\/wp-json\/wp\/v2\/pages\/23954\/revisions"}],"wp:attachment":[{"href":"https:\/\/www.rsilaboratories.org\/es\/wp-json\/wp\/v2\/media?parent=23954"}],"curies":[{"name":"wp","href":"https:\/\/api.w.org\/{rel}","templated":true}]}}