{"id":23948,"date":"2014-04-15T15:07:28","date_gmt":"2014-04-15T20:07:28","guid":{"rendered":"https:\/\/www.rsilaboratories.org\/faq\/"},"modified":"2026-01-22T14:52:07","modified_gmt":"2026-01-22T20:52:07","slug":"preguntas-frecuentes-es","status":"publish","type":"page","link":"https:\/\/www.rsilaboratories.org\/es\/acerca-de\/preguntas-frecuentes-es\/","title":{"rendered":"Preguntas Frecuentes"},"content":{"rendered":"<h2>RSI LABORATORIES es un laboratorio certificado por C.A.P. \u00bfQu\u00e9 significa la certificaci\u00f3n C.A.P.?<\/h2>\n<p>El Programa de Acreditaci\u00f3n de Laboratorios C.A.P. es un programa reconocido internacionalmente basado en los Est\u00e1ndares de Acreditaci\u00f3n de Laboratorios C.A.P.<\/p>\n<h2>\u00bfQu\u00e9 es la prueba de confirmaci\u00f3n GC\/MS?<\/h2>\n<p>GC\/MS es una abreviatura de cromatograf\u00eda de gases\/espectrometr\u00eda de masas. Es el procedimiento m\u00e1s preciso para la detecci\u00f3n de drogas de abuso en orina.<\/p>\n<h2>\u00bfRSI LABORATORIES proporcionar\u00e1 testimonio judicial?<\/h2>\n<p>Como cliente de RSI LABORATORIES, proporcionamos testimonio telef\u00f3nico, video y\/o ZOOM complementario para el tribunal si es necesario.<\/p>\n<h2>\u00bfC\u00f3mo configuro un programa de pruebas de drogas con RSI LABORATORIES?<\/h2>\n<p>Por favor contacte a Nichole O&#8217;Connell en <a href=\"mailto:noconnell@rseden.org\">noconnell@rseden.org<\/a>.<\/p>\n","protected":false},"excerpt":{"rendered":"<p>RSI LABORATORIES es un laboratorio certificado por C.A.P. \u00bfQu\u00e9 significa la certificaci\u00f3n C.A.P.? El Programa de Acreditaci\u00f3n de Laboratorios C.A.P. es un programa reconocido internacionalmente basado en los Est\u00e1ndares de Acreditaci\u00f3n de Laboratorios C.A.P. \u00bfQu\u00e9 es la prueba de confirmaci\u00f3n GC\/MS? GC\/MS es una abreviatura de cromatograf\u00eda de gases\/espectrometr\u00eda de masas. Es el procedimiento m\u00e1s [&hellip;]<\/p>\n","protected":false},"author":0,"featured_media":0,"parent":23960,"menu_order":0,"comment_status":"closed","ping_status":"closed","template":"","meta":{"_monsterinsights_skip_tracking":false,"_monsterinsights_sitenote_active":false,"_monsterinsights_sitenote_note":"","_monsterinsights_sitenote_category":0,"footnotes":""},"class_list":["post-23948","page","type-page","status-publish","hentry"],"_links":{"self":[{"href":"https:\/\/www.rsilaboratories.org\/es\/wp-json\/wp\/v2\/pages\/23948","targetHints":{"allow":["GET"]}}],"collection":[{"href":"https:\/\/www.rsilaboratories.org\/es\/wp-json\/wp\/v2\/pages"}],"about":[{"href":"https:\/\/www.rsilaboratories.org\/es\/wp-json\/wp\/v2\/types\/page"}],"replies":[{"embeddable":true,"href":"https:\/\/www.rsilaboratories.org\/es\/wp-json\/wp\/v2\/comments?post=23948"}],"version-history":[{"count":0,"href":"https:\/\/www.rsilaboratories.org\/es\/wp-json\/wp\/v2\/pages\/23948\/revisions"}],"up":[{"embeddable":true,"href":"https:\/\/www.rsilaboratories.org\/es\/wp-json\/wp\/v2\/pages\/23960"}],"wp:attachment":[{"href":"https:\/\/www.rsilaboratories.org\/es\/wp-json\/wp\/v2\/media?parent=23948"}],"curies":[{"name":"wp","href":"https:\/\/api.w.org\/{rel}","templated":true}]}}