{"id":23939,"date":"2014-04-15T19:42:30","date_gmt":"2014-04-16T00:42:30","guid":{"rendered":"https:\/\/www.rsilaboratories.org\/color-code-program\/"},"modified":"2026-01-22T14:52:08","modified_gmt":"2026-01-22T20:52:08","slug":"programa-de-codigo-de-color-es","status":"publish","type":"page","link":"https:\/\/www.rsilaboratories.org\/es\/servicios-de-recoleccion-es\/programa-de-codigo-de-color-es\/","title":{"rendered":"Programa de C\u00f3digo de Color"},"content":{"rendered":"<p><img loading=\"lazy\" decoding=\"async\" class=\"alignnone wp-image-176 size-large\" src=\"https:\/\/www.rsilaboratories.org\/wp-content\/uploads\/2014\/05\/iStock_000014365663_Small-e1400277329964-750x314.jpg\" alt=\"\" width=\"750\" height=\"314\" srcset=\"https:\/\/www.rsilaboratories.org\/wp-content\/uploads\/2014\/05\/iStock_000014365663_Small-e1400277329964-750x314.jpg 750w, https:\/\/www.rsilaboratories.org\/wp-content\/uploads\/2014\/05\/iStock_000014365663_Small-e1400277329964-300x125.jpg 300w, https:\/\/www.rsilaboratories.org\/wp-content\/uploads\/2014\/05\/iStock_000014365663_Small-e1400277329964-220x92.jpg 220w, https:\/\/www.rsilaboratories.org\/wp-content\/uploads\/2014\/05\/iStock_000014365663_Small-e1400277329964-187x78.jpg 187w, https:\/\/www.rsilaboratories.org\/wp-content\/uploads\/2014\/05\/iStock_000014365663_Small-e1400277329964-453x190.jpg 453w, https:\/\/www.rsilaboratories.org\/wp-content\/uploads\/2014\/05\/iStock_000014365663_Small-e1400277329964.jpg 851w\" sizes=\"auto, (max-width: 750px) 100vw, 750px\" \/><br \/>\nEl Programa de An\u00e1lisis de Orina con C\u00f3digo de Color Aleatorio es un medio de entrega de un programa de an\u00e1lisis de orina aleatorio a un gran n\u00famero de clientes.<\/p>\n<p>Para obtener informaci\u00f3n, comun\u00edquese con Michelle Dunkel en <a href=\"mailto:mdunkel@rseden.org\">mdunkel@rseden.org<\/a><\/p>\n","protected":false},"excerpt":{"rendered":"<p>El Programa de An\u00e1lisis de Orina con C\u00f3digo de Color Aleatorio es un medio de entrega de un programa de an\u00e1lisis de orina aleatorio a un gran n\u00famero de clientes. Para obtener informaci\u00f3n, comun\u00edquese con Michelle Dunkel en mdunkel@rseden.org<\/p>\n","protected":false},"author":0,"featured_media":0,"parent":23954,"menu_order":0,"comment_status":"closed","ping_status":"closed","template":"","meta":{"_monsterinsights_skip_tracking":false,"_monsterinsights_sitenote_active":false,"_monsterinsights_sitenote_note":"","_monsterinsights_sitenote_category":0,"footnotes":""},"class_list":["post-23939","page","type-page","status-publish","hentry"],"_links":{"self":[{"href":"https:\/\/www.rsilaboratories.org\/es\/wp-json\/wp\/v2\/pages\/23939","targetHints":{"allow":["GET"]}}],"collection":[{"href":"https:\/\/www.rsilaboratories.org\/es\/wp-json\/wp\/v2\/pages"}],"about":[{"href":"https:\/\/www.rsilaboratories.org\/es\/wp-json\/wp\/v2\/types\/page"}],"replies":[{"embeddable":true,"href":"https:\/\/www.rsilaboratories.org\/es\/wp-json\/wp\/v2\/comments?post=23939"}],"version-history":[{"count":0,"href":"https:\/\/www.rsilaboratories.org\/es\/wp-json\/wp\/v2\/pages\/23939\/revisions"}],"up":[{"embeddable":true,"href":"https:\/\/www.rsilaboratories.org\/es\/wp-json\/wp\/v2\/pages\/23954"}],"wp:attachment":[{"href":"https:\/\/www.rsilaboratories.org\/es\/wp-json\/wp\/v2\/media?parent=23939"}],"curies":[{"name":"wp","href":"https:\/\/api.w.org\/{rel}","templated":true}]}}