{"id":23936,"date":"2014-04-15T19:43:15","date_gmt":"2014-04-16T00:43:15","guid":{"rendered":"https:\/\/www.rsilaboratories.org\/chain-of-custody\/"},"modified":"2026-01-22T16:36:00","modified_gmt":"2026-01-22T22:36:00","slug":"cadena-de-custodia-es","status":"publish","type":"page","link":"https:\/\/www.rsilaboratories.org\/es\/servicios-de-laboratorio-es\/cadena-de-custodia-es\/","title":{"rendered":"Cadena de Custodia"},"content":{"rendered":"<p><img loading=\"lazy\" decoding=\"async\" class=\"alignnone wp-image-214 size-full\" src=\"https:\/\/www.rsilaboratories.org\/wp-content\/uploads\/2014\/04\/iStock_000003512817_Small-Edited.jpg\" alt=\"\" width=\"750\" height=\"331\" srcset=\"https:\/\/www.rsilaboratories.org\/wp-content\/uploads\/2014\/04\/iStock_000003512817_Small-Edited.jpg 750w, https:\/\/www.rsilaboratories.org\/wp-content\/uploads\/2014\/04\/iStock_000003512817_Small-Edited-300x132.jpg 300w, https:\/\/www.rsilaboratories.org\/wp-content\/uploads\/2014\/04\/iStock_000003512817_Small-Edited-220x97.jpg 220w, https:\/\/www.rsilaboratories.org\/wp-content\/uploads\/2014\/04\/iStock_000003512817_Small-Edited-187x82.jpg 187w, https:\/\/www.rsilaboratories.org\/wp-content\/uploads\/2014\/04\/iStock_000003512817_Small-Edited-453x199.jpg 453w\" sizes=\"auto, (max-width: 750px) 100vw, 750px\" \/><\/p>\n<p>Cada muestra enviada a RSI LABORATORIES requiere documentaci\u00f3n completa de la cadena de custodia. Tambi\u00e9n se debe instituir una cuenta de laboratorio para su programa antes de que se pueda enviar una muestra al laboratorio.<\/p>\n<p>Si a\u00fan no tiene una cuenta con RSI LABORATORIES, puede registrar su programa comunic\u00e1ndose con Nichole O&#8217;Connell al <a href=\"tel:6122871650\">612-287-1650<\/a> o <a href=\"mailto:noconnell@rseden.org\">noconnell@rseden.org<\/a>. No hay tarifas asociadas con la configuraci\u00f3n de una cuenta.<\/p>\n<p>Los productos instant\u00e1neos comprados y las nuevas cuentas de laboratorio se enviar\u00e1n con documentaci\u00f3n de la cadena de custodia, bolsas de riesgo biol\u00f3gico, cajas y etiquetas de env\u00edo sin cargo (las tarifas de env\u00edo para enviar muestras al laboratorio no est\u00e1n incluidas).<\/p>\n<a href='https:\/\/www.rsilaboratories.org\/wp-content\/uploads\/2014\/04\/Chain-of-Custody-Instructions.pdf' class='big-button bigblue' target=\"_blank\">Instrucciones de la Cadena de Custodia<\/a>\n<a href='https:\/\/www.rsilaboratories.org\/wp-content\/uploads\/2014\/04\/Chain-of-Custody-Form.pdf' class='big-button bigblue' target=\"_blank\">Formulario de la Cadena de Custodia<\/a>\n","protected":false},"excerpt":{"rendered":"<p>Cada muestra enviada a RSI LABORATORIES requiere documentaci\u00f3n completa de la cadena de custodia. Tambi\u00e9n se debe instituir una cuenta de laboratorio para su programa antes de que se pueda enviar una muestra al laboratorio. Si a\u00fan no tiene una cuenta con RSI LABORATORIES, puede registrar su programa comunic\u00e1ndose con Nichole O&#8217;Connell al 612-287-1650 o [&hellip;]<\/p>\n","protected":false},"author":0,"featured_media":0,"parent":23957,"menu_order":0,"comment_status":"closed","ping_status":"closed","template":"","meta":{"_monsterinsights_skip_tracking":false,"_monsterinsights_sitenote_active":false,"_monsterinsights_sitenote_note":"","_monsterinsights_sitenote_category":0,"footnotes":""},"class_list":["post-23936","page","type-page","status-publish","hentry"],"_links":{"self":[{"href":"https:\/\/www.rsilaboratories.org\/es\/wp-json\/wp\/v2\/pages\/23936","targetHints":{"allow":["GET"]}}],"collection":[{"href":"https:\/\/www.rsilaboratories.org\/es\/wp-json\/wp\/v2\/pages"}],"about":[{"href":"https:\/\/www.rsilaboratories.org\/es\/wp-json\/wp\/v2\/types\/page"}],"replies":[{"embeddable":true,"href":"https:\/\/www.rsilaboratories.org\/es\/wp-json\/wp\/v2\/comments?post=23936"}],"version-history":[{"count":0,"href":"https:\/\/www.rsilaboratories.org\/es\/wp-json\/wp\/v2\/pages\/23936\/revisions"}],"up":[{"embeddable":true,"href":"https:\/\/www.rsilaboratories.org\/es\/wp-json\/wp\/v2\/pages\/23957"}],"wp:attachment":[{"href":"https:\/\/www.rsilaboratories.org\/es\/wp-json\/wp\/v2\/media?parent=23936"}],"curies":[{"name":"wp","href":"https:\/\/api.w.org\/{rel}","templated":true}]}}