{"id":23933,"date":"2014-04-15T19:46:53","date_gmt":"2014-04-16T00:46:53","guid":{"rendered":"https:\/\/www.rsilaboratories.org\/contact\/"},"modified":"2026-01-22T14:05:18","modified_gmt":"2026-01-22T20:05:18","slug":"contacto","status":"publish","type":"page","link":"https:\/\/www.rsilaboratories.org\/es\/acerca-de\/contacto\/","title":{"rendered":"Contacto"},"content":{"rendered":"<h3>\u00bfPreguntas sobre servicio al cliente, cuentas de laboratorio nuevas o actuales, capacitaci\u00f3n e informaci\u00f3n general?<\/h3>\n<p>Por favor contacte a Nichole O&#8217;Connell 612-287-1650, o env\u00ede un correo electr\u00f3nico a <a href=\"mailto:noconnell@rseden.org\">noconnell@rseden.org<\/a><\/p>\n<h3>\u00bfPreguntas sobre muestras espec\u00edficas y\/o interpretaci\u00f3n de resultados?<\/h3>\n<p>Por favor llame al <a href=\"tel:6122871654\">612-287-1650<\/a>.<\/p>\n","protected":false},"excerpt":{"rendered":"<p>\u00bfPreguntas sobre servicio al cliente, cuentas de laboratorio nuevas o actuales, capacitaci\u00f3n e informaci\u00f3n general? Por favor contacte a Nichole O&#8217;Connell 612-287-1650, o env\u00ede un correo electr\u00f3nico a noconnell@rseden.org \u00bfPreguntas sobre muestras espec\u00edficas y\/o interpretaci\u00f3n de resultados? Por favor llame al 612-287-1650.<\/p>\n","protected":false},"author":0,"featured_media":0,"parent":23960,"menu_order":0,"comment_status":"closed","ping_status":"closed","template":"","meta":{"_monsterinsights_skip_tracking":false,"_monsterinsights_sitenote_active":false,"_monsterinsights_sitenote_note":"","_monsterinsights_sitenote_category":0,"footnotes":""},"class_list":["post-23933","page","type-page","status-publish","hentry"],"_links":{"self":[{"href":"https:\/\/www.rsilaboratories.org\/es\/wp-json\/wp\/v2\/pages\/23933","targetHints":{"allow":["GET"]}}],"collection":[{"href":"https:\/\/www.rsilaboratories.org\/es\/wp-json\/wp\/v2\/pages"}],"about":[{"href":"https:\/\/www.rsilaboratories.org\/es\/wp-json\/wp\/v2\/types\/page"}],"replies":[{"embeddable":true,"href":"https:\/\/www.rsilaboratories.org\/es\/wp-json\/wp\/v2\/comments?post=23933"}],"version-history":[{"count":0,"href":"https:\/\/www.rsilaboratories.org\/es\/wp-json\/wp\/v2\/pages\/23933\/revisions"}],"up":[{"embeddable":true,"href":"https:\/\/www.rsilaboratories.org\/es\/wp-json\/wp\/v2\/pages\/23960"}],"wp:attachment":[{"href":"https:\/\/www.rsilaboratories.org\/es\/wp-json\/wp\/v2\/media?parent=23933"}],"curies":[{"name":"wp","href":"https:\/\/api.w.org\/{rel}","templated":true}]}}