{"id":23930,"date":"2014-05-01T17:18:47","date_gmt":"2014-05-01T22:18:47","guid":{"rendered":"https:\/\/www.rsilaboratories.org\/drugs-of-abuse-testing\/"},"modified":"2026-01-22T14:52:08","modified_gmt":"2026-01-22T20:52:08","slug":"pruebas-de-drogas-de-abuso-es","status":"publish","type":"page","link":"https:\/\/www.rsilaboratories.org\/es\/servicios-de-laboratorio-es\/pruebas-de-drogas-de-abuso-es\/","title":{"rendered":"Pruebas de Drogas de Abuso"},"content":{"rendered":"<h2>Pruebas de Drogas de Abuso<\/h2>\n<p>RSI LABORATORIES ofrece pruebas de drogas en orina para Anfetaminas, Barbit\u00faricos, Sales de Ba\u00f1o, Benzodiazepinas, Buprenorfina, Cannabinoides, Coca\u00edna, DXM, EtG, Alcohol Et\u00edlico, Gabapentina, Hero\u00edna, Kratom, K2\/Spice, MDMA (\u00c9xtasis), Metadona, Opi\u00e1ceos, Oxicodona, Fenciclidina, Tramadol, Fentanilo e Hidrocodona.<\/p>\n<p>Las pruebas de drogas est\u00e1n disponibles mediante an\u00e1lisis de laboratorio, pruebas confirmatorias y productos de prueba instant\u00e1nea.<\/p>\n","protected":false},"excerpt":{"rendered":"<p>Pruebas de Drogas de Abuso RSI LABORATORIES ofrece pruebas de drogas en orina para Anfetaminas, Barbit\u00faricos, Sales de Ba\u00f1o, Benzodiazepinas, Buprenorfina, Cannabinoides, Coca\u00edna, DXM, EtG, Alcohol Et\u00edlico, Gabapentina, Hero\u00edna, Kratom, K2\/Spice, MDMA (\u00c9xtasis), Metadona, Opi\u00e1ceos, Oxicodona, Fenciclidina, Tramadol, Fentanilo e Hidrocodona. Las pruebas de drogas est\u00e1n disponibles mediante an\u00e1lisis de laboratorio, pruebas confirmatorias y productos [&hellip;]<\/p>\n","protected":false},"author":0,"featured_media":0,"parent":23957,"menu_order":0,"comment_status":"closed","ping_status":"closed","template":"","meta":{"_monsterinsights_skip_tracking":false,"_monsterinsights_sitenote_active":false,"_monsterinsights_sitenote_note":"","_monsterinsights_sitenote_category":0,"footnotes":""},"class_list":["post-23930","page","type-page","status-publish","hentry"],"_links":{"self":[{"href":"https:\/\/www.rsilaboratories.org\/es\/wp-json\/wp\/v2\/pages\/23930","targetHints":{"allow":["GET"]}}],"collection":[{"href":"https:\/\/www.rsilaboratories.org\/es\/wp-json\/wp\/v2\/pages"}],"about":[{"href":"https:\/\/www.rsilaboratories.org\/es\/wp-json\/wp\/v2\/types\/page"}],"replies":[{"embeddable":true,"href":"https:\/\/www.rsilaboratories.org\/es\/wp-json\/wp\/v2\/comments?post=23930"}],"version-history":[{"count":0,"href":"https:\/\/www.rsilaboratories.org\/es\/wp-json\/wp\/v2\/pages\/23930\/revisions"}],"up":[{"embeddable":true,"href":"https:\/\/www.rsilaboratories.org\/es\/wp-json\/wp\/v2\/pages\/23957"}],"wp:attachment":[{"href":"https:\/\/www.rsilaboratories.org\/es\/wp-json\/wp\/v2\/media?parent=23930"}],"curies":[{"name":"wp","href":"https:\/\/api.w.org\/{rel}","templated":true}]}}