{"id":23924,"date":"2014-05-01T17:19:47","date_gmt":"2014-05-01T22:19:47","guid":{"rendered":"https:\/\/www.rsilaboratories.org\/court-testimony\/"},"modified":"2026-01-22T14:55:45","modified_gmt":"2026-01-22T20:55:45","slug":"testimonio-judicial-es","status":"publish","type":"page","link":"https:\/\/www.rsilaboratories.org\/es\/servicios-de-laboratorio-es\/testimonio-judicial-es\/","title":{"rendered":"Testimonio Judicial"},"content":{"rendered":"<p><img loading=\"lazy\" decoding=\"async\" class=\"alignnone wp-image-169 size-large\" src=\"https:\/\/www.rsilaboratories.org\/wp-content\/uploads\/2014\/05\/Photo-4-e1400276490158-750x325.jpg\" alt=\"\" width=\"750\" height=\"325\" srcset=\"https:\/\/www.rsilaboratories.org\/wp-content\/uploads\/2014\/05\/Photo-4-e1400276490158-750x325.jpg 750w, https:\/\/www.rsilaboratories.org\/wp-content\/uploads\/2014\/05\/Photo-4-e1400276490158-300x130.jpg 300w, https:\/\/www.rsilaboratories.org\/wp-content\/uploads\/2014\/05\/Photo-4-e1400276490158-220x95.jpg 220w, https:\/\/www.rsilaboratories.org\/wp-content\/uploads\/2014\/05\/Photo-4-e1400276490158-187x81.jpg 187w, https:\/\/www.rsilaboratories.org\/wp-content\/uploads\/2014\/05\/Photo-4-e1400276490158-453x196.jpg 453w, https:\/\/www.rsilaboratories.org\/wp-content\/uploads\/2014\/05\/Photo-4-e1400276490158.jpg 1698w\" sizes=\"auto, (max-width: 750px) 100vw, 750px\" \/><\/p>\n<p>Las pruebas confirmatorias se consideran el &#8220;est\u00e1ndar de oro&#8221; en las pruebas de laboratorio y generalmente se requieren en un tribunal de justicia cuando se est\u00e1n considerando sanciones.<\/p>\n<p>RSI LABORATORIES proporciona testimonio judicial profesional con cualquier muestra de laboratorio que haya sido confirmada utilizando pruebas de confirmaci\u00f3n de espectrometr\u00eda de masas a trav\u00e9s de RSI LABORATORIES. El testimonio por tel\u00e9fono, video y\/o ZOOM se proporciona a todas las ubicaciones dentro de los Estados Unidos. El testimonio judicial en persona est\u00e1 disponible dentro de \u00e1reas limitadas y se aplican tarifas adicionales.<\/p>\n<p>Se requiere una citaci\u00f3n para el testimonio y debe enviarse al laboratorio al menos 5 d\u00edas antes de que se produzca el testimonio.<\/p>\n","protected":false},"excerpt":{"rendered":"<p>Las pruebas confirmatorias se consideran el &#8220;est\u00e1ndar de oro&#8221; en las pruebas de laboratorio y generalmente se requieren en un tribunal de justicia cuando se est\u00e1n considerando sanciones. RSI LABORATORIES proporciona testimonio judicial profesional con cualquier muestra de laboratorio que haya sido confirmada utilizando pruebas de confirmaci\u00f3n de espectrometr\u00eda de masas a trav\u00e9s de RSI [&hellip;]<\/p>\n","protected":false},"author":0,"featured_media":0,"parent":23957,"menu_order":0,"comment_status":"closed","ping_status":"closed","template":"","meta":{"_monsterinsights_skip_tracking":false,"_monsterinsights_sitenote_active":false,"_monsterinsights_sitenote_note":"","_monsterinsights_sitenote_category":0,"footnotes":""},"class_list":["post-23924","page","type-page","status-publish","hentry"],"_links":{"self":[{"href":"https:\/\/www.rsilaboratories.org\/es\/wp-json\/wp\/v2\/pages\/23924","targetHints":{"allow":["GET"]}}],"collection":[{"href":"https:\/\/www.rsilaboratories.org\/es\/wp-json\/wp\/v2\/pages"}],"about":[{"href":"https:\/\/www.rsilaboratories.org\/es\/wp-json\/wp\/v2\/types\/page"}],"replies":[{"embeddable":true,"href":"https:\/\/www.rsilaboratories.org\/es\/wp-json\/wp\/v2\/comments?post=23924"}],"version-history":[{"count":0,"href":"https:\/\/www.rsilaboratories.org\/es\/wp-json\/wp\/v2\/pages\/23924\/revisions"}],"up":[{"embeddable":true,"href":"https:\/\/www.rsilaboratories.org\/es\/wp-json\/wp\/v2\/pages\/23957"}],"wp:attachment":[{"href":"https:\/\/www.rsilaboratories.org\/es\/wp-json\/wp\/v2\/media?parent=23924"}],"curies":[{"name":"wp","href":"https:\/\/api.w.org\/{rel}","templated":true}]}}