{"id":23921,"date":"2014-07-15T09:41:17","date_gmt":"2014-07-15T14:41:17","guid":{"rendered":"https:\/\/www.rsilaboratories.org\/resources\/"},"modified":"2026-01-22T14:55:45","modified_gmt":"2026-01-22T20:55:45","slug":"recursos-es","status":"publish","type":"page","link":"https:\/\/www.rsilaboratories.org\/es\/acerca-de\/recursos-es\/","title":{"rendered":"Recursos"},"content":{"rendered":"<p><a href=\"https:\/\/www.rsilaboratories.org\/wp-content\/uploads\/2014\/07\/Cross-Reactants.pdf\">Reactivos Cruzados<\/a> (PDF)<\/p>\n<p>&nbsp;<\/p>\n<h2>Informaci\u00f3n de Drogas (Hojas de Datos PDF)<\/h2>\n<ul>\n<li><a href=\"https:\/\/www.rsilaboratories.org\/wp-content\/uploads\/2014\/07\/Alcohol.pdf\">Alcohol<\/a><\/li>\n<li><a href=\"https:\/\/www.rsilaboratories.org\/wp-content\/uploads\/2014\/07\/Amphetamine.pdf\">Anfetamina<\/a><\/li>\n<li><a href=\"https:\/\/www.rsilaboratories.org\/wp-content\/uploads\/2014\/07\/Benzodiazepines.pdf\">Benzodiazepinas<\/a><\/li>\n<li><a href=\"https:\/\/www.rsilaboratories.org\/wp-content\/uploads\/2014\/07\/Barbiturates.pdf\">Barbit\u00faricos<\/a><\/li>\n<li><a href=\"https:\/\/www.rsilaboratories.org\/wp-content\/uploads\/2014\/07\/Buprenorphine.pdf\">Buprenorfina<\/a><\/li>\n<li><a href=\"https:\/\/www.rsilaboratories.org\/wp-content\/uploads\/2014\/07\/Creatinine.pdf\">Creatinina<\/a><\/li>\n<li><a href=\"https:\/\/www.rsilaboratories.org\/wp-content\/uploads\/2014\/07\/Cocaine.pdf\">Coca\u00edna<\/a><\/li>\n<li><a href=\"https:\/\/www.rsilaboratories.org\/wp-content\/uploads\/2014\/07\/Marijuana.pdf\">Marihuana<\/a><\/li>\n<li><a href=\"https:\/\/www.rsilaboratories.org\/wp-content\/uploads\/2014\/07\/Methadone.pdf\">Metadona<\/a><\/li>\n<li><a href=\"https:\/\/www.rsilaboratories.org\/wp-content\/uploads\/2014\/07\/Oxycodone.pdf\">Oxicodona<\/a><\/li>\n<li><a href=\"https:\/\/www.rsilaboratories.org\/wp-content\/uploads\/2014\/07\/Opiates.pdf\">Opi\u00e1ceos<\/a><\/li>\n<li><a href=\"https:\/\/www.rsilaboratories.org\/wp-content\/uploads\/2014\/07\/Phencyclidine.pdf\">Fenciclidina<\/a><\/li>\n<li><a href=\"https:\/\/www.rsilaboratories.org\/wp-content\/uploads\/2014\/07\/Synthetic-Cannabinoids.pdf\">Cannabinoides Sint\u00e9ticos<\/a><\/li>\n<li><a href=\"https:\/\/www.rsilaboratories.org\/wp-content\/uploads\/2014\/07\/Stimulants.pdf\">Estimulantes<\/a><\/li>\n<\/ul>\n","protected":false},"excerpt":{"rendered":"<p>Reactivos Cruzados (PDF) &nbsp; Informaci\u00f3n de Drogas (Hojas de Datos PDF) Alcohol Anfetamina Benzodiazepinas Barbit\u00faricos Buprenorfina Creatinina Coca\u00edna Marihuana Metadona Oxicodona Opi\u00e1ceos Fenciclidina Cannabinoides Sint\u00e9ticos Estimulantes<\/p>\n","protected":false},"author":0,"featured_media":0,"parent":23960,"menu_order":0,"comment_status":"closed","ping_status":"closed","template":"","meta":{"_monsterinsights_skip_tracking":false,"_monsterinsights_sitenote_active":false,"_monsterinsights_sitenote_note":"","_monsterinsights_sitenote_category":0,"footnotes":""},"class_list":["post-23921","page","type-page","status-publish","hentry"],"_links":{"self":[{"href":"https:\/\/www.rsilaboratories.org\/es\/wp-json\/wp\/v2\/pages\/23921","targetHints":{"allow":["GET"]}}],"collection":[{"href":"https:\/\/www.rsilaboratories.org\/es\/wp-json\/wp\/v2\/pages"}],"about":[{"href":"https:\/\/www.rsilaboratories.org\/es\/wp-json\/wp\/v2\/types\/page"}],"replies":[{"embeddable":true,"href":"https:\/\/www.rsilaboratories.org\/es\/wp-json\/wp\/v2\/comments?post=23921"}],"version-history":[{"count":0,"href":"https:\/\/www.rsilaboratories.org\/es\/wp-json\/wp\/v2\/pages\/23921\/revisions"}],"up":[{"embeddable":true,"href":"https:\/\/www.rsilaboratories.org\/es\/wp-json\/wp\/v2\/pages\/23960"}],"wp:attachment":[{"href":"https:\/\/www.rsilaboratories.org\/es\/wp-json\/wp\/v2\/media?parent=23921"}],"curies":[{"name":"wp","href":"https:\/\/api.w.org\/{rel}","templated":true}]}}