{"id":23643,"date":"2016-11-04T12:59:45","date_gmt":"2016-11-04T17:59:45","guid":{"rendered":"https:\/\/www.rsilaboratories.org\/colores-diarios\/"},"modified":"2026-04-14T11:50:23","modified_gmt":"2026-04-14T16:50:23","slug":"colores-diarios-es","status":"publish","type":"page","link":"https:\/\/www.rsilaboratories.org\/es\/colores-diarios-es\/","title":{"rendered":"Colores Diarios"},"content":{"rendered":"\n<h2 class=\"wp-block-heading has-text-align-left\">Medidas de Seguridad &#8211; Enfermedad<\/h2>\n\n\n\n<p class=\"notice-box\"><strong>Si se siente enfermo con tos, fiebre, escalofr\u00edos, secreci\u00f3n nasal o v\u00f3mitos, llame a su oficial de libertad condicional o trabajador y no venga a hacerse la prueba hasta que se sienta mejor.<\/strong><\/p>\n\n\n\n<p><strong>Los ni\u00f1os pueden acompa\u00f1arlo si no est\u00e1n enfermos.<\/strong><\/p>\n\n\n\n<p><\/p>\n\n\n\n<h2 class=\"wp-block-heading\">L\u00edneas Telef\u00f3nicas del Condado<\/h2>\n\n\n\n<p class=\"important-notice\"><strong>Si este sitio web no est\u00e1 actualizado, debe llamar a la l\u00ednea telef\u00f3nica de c\u00f3digo de color de su condado para obtener actualizaciones de color.<\/strong><\/p>\n\n\n\n<ul class=\"wp-block-list\">\n<li><strong>Dakota County:<\/strong> <a href=\"tel:651-379-4698\">651-379-4698<\/a><\/li>\n\n\n\n<li><strong>Isanti:<\/strong> <a href=\"tel:763-398-0066\">763-398-0066<\/a><\/li>\n\n\n\n<li><strong>Ramsey:<\/strong> <a href=\"tel:651-318-0990\">651-318-0990<\/a><\/li>\n\n\n\n<li><strong>Washington:<\/strong> <a href=\"tel:651-209-6137\">651-209-6137<\/a><\/li>\n<\/ul>\n\n\n\n<h2 class=\"wp-block-heading\">Colores Diarios para Mi\u00e9rcoles Abril 15, 2026<\/h2>\n\n\n\n<p><strong>**SI LAS CONDICIONES DEL CLIMA\/CARRETERA SE VUELVEN SEVERAS, EL SITIO DE RECOLECCI\u00d3N PUEDE CERRAR TEMPRANO. SI TENEMOS CONDICIONES CLIM\u00c1TICAS CUESTIONABLES, CONSULTE ESTE SITIO PARA ACTUALIZACIONES DURANTE TODO EL D\u00cdA.****<\/strong><\/p>\n\n\n\n<p><\/p>\n\n\n\n<ul class=\"wp-block-list\">\n<li>Dakota County Probation (APPLE VALLEY): <strong>NINGUNO<\/strong><\/li>\n\n\n\n<li>Dakota County Social Services: <strong>NINGUNO<\/strong><\/li>\n\n\n\n<li>Dakota County Probation (ST. PAUL): <strong>NINGUNO<\/strong><\/li>\n\n\n\n<li>Dakota County Probation (HASTINGS): <strong>NINGUNO<\/strong> <\/li>\n\n\n\n<li>Isanti County<strong>:<\/strong> <strong>BLUE, VERDE<\/strong><\/li>\n\n\n\n<li>Ramsey County and Justice Point: <strong>AGUA\/AGUAMARINA, BLUE, BRONZE, JAZM\u00edN, MORADO, ROJO<\/strong><\/li>\n\n\n\n<li>Washington County: <strong>COPPER, NICKEL<\/strong> <\/li>\n<\/ul>\n\n\n\n<h2 class=\"wp-block-heading\">Colores Diarios para Martes Abril 14, 2026<\/h2>\n\n\n\n<p>**IF WEATHER\/ROAD CONDTITIONS BECOME SEVERE THE COLLECTION SITE MAY CLOSE EARLY. IF WE ARE HAVING QUESTIONABLE WEATHER CONDITIONS, CHECK THIS SITE FOR UPDATES THROUGH OUT THE DAY.****<\/p>\n\n\n\n<ul class=\"wp-block-list\">\n<li>Dakota County Probation (Apple Valley): <strong>NINGUNO<\/strong><\/li>\n\n\n\n<li>Dakota County Social Services: <strong>KHAKI<\/strong><\/li>\n\n\n\n<li>Dakota County Probation (St. Paul): <strong>CIRUELA, AZUL MARINO<\/strong><\/li>\n\n\n\n<li>Dakota County Probation (Hastings): <strong>NINGUNO<\/strong><\/li>\n\n\n\n<li>Isanti County: <strong>NARANJA<\/strong><\/li>\n\n\n\n<li>Ramsey County and Justice Point: <strong>ESMERALDA, JADE, GINGER, JAZM\u00edN, VERDE, ROSA, VIOLETA<\/strong><\/li>\n\n\n\n<li>Washington County: <strong>BRONZE, LIMA<\/strong><\/li>\n<\/ul>\n\n\n\n<h2 class=\"wp-block-heading\">Testing Hours &amp; Locations<\/h2>\n\n\n\n<h3 class=\"wp-block-heading\">Oneida<\/h3>\n\n\n\n<p><strong>Direcci\u00f3n:<\/strong> 357 Oneida Street, St. Paul<\/p>\n\n\n\n<ul class=\"wp-block-list\">\n<li><strong>Lunes:<\/strong> 11am-6:30pm<\/li>\n\n\n\n<li><strong>Martes:<\/strong> 11am-6:30pm<\/li>\n\n\n\n<li><strong>Mi\u00e9rcoles:<\/strong> 11am-6:30pm<\/li>\n\n\n\n<li><strong>Jueves:<\/strong> 11am-6:30pm<\/li>\n\n\n\n<li><strong>Viernes:<\/strong> 11am-5pm<\/li>\n\n\n\n<li><strong>S\u00e1bado:<\/strong> 11am-3pm<\/li>\n<\/ul>\n\n\n\n<h3 class=\"wp-block-heading\">Dakota Apple Valley<\/h3>\n\n\n\n<p><strong>Direcci\u00f3n:<\/strong> 14955 Galaxie Ave, Apple Valley<\/p>\n\n\n\n<ul class=\"wp-block-list\">\n<li><strong>Lunes-S\u00e1bado:<\/strong> 12pm-4:30pm<\/li>\n<\/ul>\n\n\n\n<h3 class=\"wp-block-heading\">Dakota County Hastings<\/h3>\n\n\n\n<p><strong>Direcci\u00f3n:<\/strong> Judicial Center, 1560 Hwy 55 &#8211; Probation Office 2nd Floor<\/p>\n\n\n\n<ul class=\"wp-block-list\">\n<li><strong>Lunes-S\u00e1bado:<\/strong> 1-4pm<\/li>\n<\/ul>\n\n\n\n<h3 class=\"wp-block-heading\">Isanti<\/h3>\n\n\n\n<p><strong>Direcci\u00f3n:<\/strong> Isanti County Probation Office, 555 18th Ave. SW, Cambridge<\/p>\n\n\n\n<ul class=\"wp-block-list\">\n<li><strong>Lunes-S\u00e1bado:<\/strong> 1pm-6pm<\/li>\n\n\n\n<li><strong>Color Naranja:<\/strong> 10am-2pm<\/li>\n<\/ul>\n\n\n\n<p class=\"special-notice\"><\/p>\n\n\n\n<p><\/p>\n","protected":false},"excerpt":{"rendered":"<p>Medidas de Seguridad &#8211; Enfermedad Si se siente enfermo con tos, fiebre, escalofr\u00edos, secreci\u00f3n nasal o v\u00f3mitos, llame a su oficial de libertad condicional o trabajador y no venga a hacerse la prueba hasta que se sienta mejor. Los ni\u00f1os pueden acompa\u00f1arlo si no est\u00e1n enfermos. L\u00edneas Telef\u00f3nicas del Condado Si este sitio web no [&hellip;]<\/p>\n","protected":false},"author":0,"featured_media":0,"parent":0,"menu_order":0,"comment_status":"closed","ping_status":"closed","template":"","meta":{"_monsterinsights_skip_tracking":false,"_monsterinsights_sitenote_active":false,"_monsterinsights_sitenote_note":"","_monsterinsights_sitenote_category":0,"footnotes":""},"class_list":["post-23643","page","type-page","status-publish","hentry"],"_links":{"self":[{"href":"https:\/\/www.rsilaboratories.org\/es\/wp-json\/wp\/v2\/pages\/23643","targetHints":{"allow":["GET"]}}],"collection":[{"href":"https:\/\/www.rsilaboratories.org\/es\/wp-json\/wp\/v2\/pages"}],"about":[{"href":"https:\/\/www.rsilaboratories.org\/es\/wp-json\/wp\/v2\/types\/page"}],"replies":[{"embeddable":true,"href":"https:\/\/www.rsilaboratories.org\/es\/wp-json\/wp\/v2\/comments?post=23643"}],"version-history":[{"count":0,"href":"https:\/\/www.rsilaboratories.org\/es\/wp-json\/wp\/v2\/pages\/23643\/revisions"}],"wp:attachment":[{"href":"https:\/\/www.rsilaboratories.org\/es\/wp-json\/wp\/v2\/media?parent=23643"}],"curies":[{"name":"wp","href":"https:\/\/api.w.org\/{rel}","templated":true}]}}